{"id":1111,"date":"2022-01-21T17:47:41","date_gmt":"2022-01-21T08:47:41","guid":{"rendered":"https:\/\/mother.watv.org\/home\/"},"modified":"2023-09-26T11:32:37","modified_gmt":"2023-09-26T02:32:37","slug":"home","status":"publish","type":"page","link":"https:\/\/mother.watv.org\/vi\/","title":{"rendered":"WATV H\u00e3y \u0111\u1ebfn v\u1edbi \u0110\u1ee9c Ch\u00faa Tr\u1eddi M\u1eb9"},"content":{"rendered":"","protected":false},"excerpt":{"rendered":"","protected":false},"author":4,"featured_media":1076,"parent":0,"menu_order":0,"comment_status":"closed","ping_status":"closed","template":"","meta":{"footnotes":""},"yoast_head":"<!-- This site is optimized with the Yoast SEO plugin v21.9 - https:\/\/yoast.com\/wordpress\/plugins\/seo\/ -->\n<title>WATV H\u00e3y \u0111\u1ebfn v\u1edbi \u0110\u1ee9c Ch\u00faa Tr\u1eddi M\u1eb9 - World Mission Society Church of God<\/title>\n<meta name=\"description\" content=\"Theo l\u1eddi ti\u00ean tri trong 66 quy\u1ec3n s\u00e1ch Kinh Th\u00e1nh, \u0110\u1ee9c Ch\u00faa Tr\u1eddi M\u1eb9 \u0111\u00e3 \u0111\u1ebfn tr\u00e1i \u0111\u1ea5t n\u00e0y \u0111\u1ec3 ban cho ch\u00fang ta s\u1ef1 s\u1ed1ng.Gi\u1ed1ng nh\u01b0 kh\u00f4ng ai c\u00f3 th\u1ec3 nh\u1eadn \u0111\u01b0\u1ee3c s\u1ef1 s\u1ed1ng n\u1ebfu kh\u00f4ng c\u00f3 m\u1eb9, ch\u00fang ta c\u0169ng ch\u1ec9 c\u00f3 th\u1ec3 nh\u1eadn \u0111\u01b0\u1ee3c s\u1ef1 s\u1ed1ng ph\u1ea7n linh h\u1ed3n th\u00f4ng qua \u0110\u1ee9c Ch\u00faa Tr\u1eddi M\u1eb9.\" \/>\n<meta name=\"robots\" content=\"index, follow, max-snippet:-1, max-image-preview:large, max-video-preview:-1\" \/>\n<link rel=\"canonical\" href=\"https:\/\/mother.watv.org\/vi\/\" \/>\n<meta property=\"og:locale\" content=\"vi_VN\" \/>\n<meta property=\"og:type\" content=\"article\" \/>\n<meta property=\"og:title\" content=\"WATV H\u00e3y \u0111\u1ebfn v\u1edbi \u0110\u1ee9c Ch\u00faa Tr\u1eddi M\u1eb9 - World Mission Society Church of God\" \/>\n<meta property=\"og:description\" content=\"Theo l\u1eddi ti\u00ean tri trong 66 quy\u1ec3n s\u00e1ch Kinh Th\u00e1nh, \u0110\u1ee9c Ch\u00faa Tr\u1eddi M\u1eb9 \u0111\u00e3 \u0111\u1ebfn tr\u00e1i \u0111\u1ea5t n\u00e0y \u0111\u1ec3 ban cho ch\u00fang ta s\u1ef1 s\u1ed1ng.Gi\u1ed1ng nh\u01b0 kh\u00f4ng ai c\u00f3 th\u1ec3 nh\u1eadn \u0111\u01b0\u1ee3c s\u1ef1 s\u1ed1ng n\u1ebfu kh\u00f4ng c\u00f3 m\u1eb9, ch\u00fang ta c\u0169ng ch\u1ec9 c\u00f3 th\u1ec3 nh\u1eadn \u0111\u01b0\u1ee3c s\u1ef1 s\u1ed1ng ph\u1ea7n linh h\u1ed3n th\u00f4ng qua \u0110\u1ee9c Ch\u00faa Tr\u1eddi M\u1eb9.\" \/>\n<meta property=\"og:url\" content=\"https:\/\/mother.watv.org\/vi\/\" \/>\n<meta property=\"og:site_name\" content=\"WATV \uc5b4\uba38\ub2c8 \ud558\ub098\ub2d8\uaed8\ub85c \uc624\ub77c\" \/>\n<meta property=\"article:modified_time\" content=\"2023-09-26T02:32:37+00:00\" \/>\n<meta property=\"og:image\" content=\"https:\/\/mother.watv.org\/wp-content\/uploads\/2022\/02\/open_graph_01.jpg\" \/>\n\t<meta property=\"og:image:width\" content=\"1200\" \/>\n\t<meta property=\"og:image:height\" content=\"630\" \/>\n\t<meta property=\"og:image:type\" content=\"image\/jpeg\" \/>\n<meta name=\"twitter:card\" content=\"summary_large_image\" \/>\n<script type=\"application\/ld+json\" class=\"yoast-schema-graph\">{\"@context\":\"https:\/\/schema.org\",\"@graph\":[{\"@type\":\"WebPage\",\"@id\":\"https:\/\/mother.watv.org\/vi\/\",\"url\":\"https:\/\/mother.watv.org\/vi\/\",\"name\":\"WATV H\u00e3y \u0111\u1ebfn v\u1edbi \u0110\u1ee9c Ch\u00faa Tr\u1eddi M\u1eb9 - World Mission Society Church of God\",\"isPartOf\":{\"@id\":\"https:\/\/mother.watv.org\/vi\/#website\"},\"datePublished\":\"2022-01-21T08:47:41+00:00\",\"dateModified\":\"2023-09-26T02:32:37+00:00\",\"description\":\"Theo l\u1eddi ti\u00ean tri trong 66 quy\u1ec3n s\u00e1ch Kinh Th\u00e1nh, \u0110\u1ee9c Ch\u00faa Tr\u1eddi M\u1eb9 \u0111\u00e3 \u0111\u1ebfn tr\u00e1i \u0111\u1ea5t n\u00e0y \u0111\u1ec3 ban cho ch\u00fang ta s\u1ef1 s\u1ed1ng.Gi\u1ed1ng nh\u01b0 kh\u00f4ng ai c\u00f3 th\u1ec3 nh\u1eadn \u0111\u01b0\u1ee3c s\u1ef1 s\u1ed1ng n\u1ebfu kh\u00f4ng c\u00f3 m\u1eb9, ch\u00fang ta c\u0169ng ch\u1ec9 c\u00f3 th\u1ec3 nh\u1eadn \u0111\u01b0\u1ee3c s\u1ef1 s\u1ed1ng ph\u1ea7n linh h\u1ed3n th\u00f4ng qua \u0110\u1ee9c Ch\u00faa Tr\u1eddi M\u1eb9.\",\"inLanguage\":\"vi-VN\",\"potentialAction\":[{\"@type\":\"ReadAction\",\"target\":[\"https:\/\/mother.watv.org\/vi\/\"]}]},{\"@type\":\"WebSite\",\"@id\":\"https:\/\/mother.watv.org\/vi\/#website\",\"url\":\"https:\/\/mother.watv.org\/vi\/\",\"name\":\"WATV \uc5b4\uba38\ub2c8 \ud558\ub098\ub2d8\uaed8\ub85c \uc624\ub77c\",\"description\":\"\",\"potentialAction\":[{\"@type\":\"SearchAction\",\"target\":{\"@type\":\"EntryPoint\",\"urlTemplate\":\"https:\/\/mother.watv.org\/vi\/?s={search_term_string}\"},\"query-input\":\"required name=search_term_string\"}],\"inLanguage\":\"vi-VN\"}]}<\/script>\n<!-- \/ Yoast SEO plugin. -->","yoast_head_json":{"title":"WATV H\u00e3y \u0111\u1ebfn v\u1edbi \u0110\u1ee9c Ch\u00faa Tr\u1eddi M\u1eb9 - World Mission Society Church of God","description":"Theo l\u1eddi ti\u00ean tri trong 66 quy\u1ec3n s\u00e1ch Kinh Th\u00e1nh, \u0110\u1ee9c Ch\u00faa Tr\u1eddi M\u1eb9 \u0111\u00e3 \u0111\u1ebfn tr\u00e1i \u0111\u1ea5t n\u00e0y \u0111\u1ec3 ban cho ch\u00fang ta s\u1ef1 s\u1ed1ng.Gi\u1ed1ng nh\u01b0 kh\u00f4ng ai c\u00f3 th\u1ec3 nh\u1eadn \u0111\u01b0\u1ee3c s\u1ef1 s\u1ed1ng n\u1ebfu kh\u00f4ng c\u00f3 m\u1eb9, ch\u00fang ta c\u0169ng ch\u1ec9 c\u00f3 th\u1ec3 nh\u1eadn \u0111\u01b0\u1ee3c s\u1ef1 s\u1ed1ng ph\u1ea7n linh h\u1ed3n th\u00f4ng qua \u0110\u1ee9c Ch\u00faa Tr\u1eddi M\u1eb9.","robots":{"index":"index","follow":"follow","max-snippet":"max-snippet:-1","max-image-preview":"max-image-preview:large","max-video-preview":"max-video-preview:-1"},"canonical":"https:\/\/mother.watv.org\/vi\/","og_locale":"vi_VN","og_type":"article","og_title":"WATV H\u00e3y \u0111\u1ebfn v\u1edbi \u0110\u1ee9c Ch\u00faa Tr\u1eddi M\u1eb9 - World Mission Society Church of God","og_description":"Theo l\u1eddi ti\u00ean tri trong 66 quy\u1ec3n s\u00e1ch Kinh Th\u00e1nh, \u0110\u1ee9c Ch\u00faa Tr\u1eddi M\u1eb9 \u0111\u00e3 \u0111\u1ebfn tr\u00e1i \u0111\u1ea5t n\u00e0y \u0111\u1ec3 ban cho ch\u00fang ta s\u1ef1 s\u1ed1ng.Gi\u1ed1ng nh\u01b0 kh\u00f4ng ai c\u00f3 th\u1ec3 nh\u1eadn \u0111\u01b0\u1ee3c s\u1ef1 s\u1ed1ng n\u1ebfu kh\u00f4ng c\u00f3 m\u1eb9, ch\u00fang ta c\u0169ng ch\u1ec9 c\u00f3 th\u1ec3 nh\u1eadn \u0111\u01b0\u1ee3c s\u1ef1 s\u1ed1ng ph\u1ea7n linh h\u1ed3n th\u00f4ng qua \u0110\u1ee9c Ch\u00faa Tr\u1eddi M\u1eb9.","og_url":"https:\/\/mother.watv.org\/vi\/","og_site_name":"WATV \uc5b4\uba38\ub2c8 \ud558\ub098\ub2d8\uaed8\ub85c \uc624\ub77c","article_modified_time":"2023-09-26T02:32:37+00:00","og_image":[{"width":1200,"height":630,"url":"https:\/\/mother.watv.org\/wp-content\/uploads\/2022\/02\/open_graph_01.jpg","type":"image\/jpeg"}],"twitter_card":"summary_large_image","schema":{"@context":"https:\/\/schema.org","@graph":[{"@type":"WebPage","@id":"https:\/\/mother.watv.org\/vi\/","url":"https:\/\/mother.watv.org\/vi\/","name":"WATV H\u00e3y \u0111\u1ebfn v\u1edbi \u0110\u1ee9c Ch\u00faa Tr\u1eddi M\u1eb9 - World Mission Society Church of God","isPartOf":{"@id":"https:\/\/mother.watv.org\/vi\/#website"},"datePublished":"2022-01-21T08:47:41+00:00","dateModified":"2023-09-26T02:32:37+00:00","description":"Theo l\u1eddi ti\u00ean tri trong 66 quy\u1ec3n s\u00e1ch Kinh Th\u00e1nh, \u0110\u1ee9c Ch\u00faa Tr\u1eddi M\u1eb9 \u0111\u00e3 \u0111\u1ebfn tr\u00e1i \u0111\u1ea5t n\u00e0y \u0111\u1ec3 ban cho ch\u00fang ta s\u1ef1 s\u1ed1ng.Gi\u1ed1ng nh\u01b0 kh\u00f4ng ai c\u00f3 th\u1ec3 nh\u1eadn \u0111\u01b0\u1ee3c s\u1ef1 s\u1ed1ng n\u1ebfu kh\u00f4ng c\u00f3 m\u1eb9, ch\u00fang ta c\u0169ng ch\u1ec9 c\u00f3 th\u1ec3 nh\u1eadn \u0111\u01b0\u1ee3c s\u1ef1 s\u1ed1ng ph\u1ea7n linh h\u1ed3n th\u00f4ng qua \u0110\u1ee9c Ch\u00faa Tr\u1eddi M\u1eb9.","inLanguage":"vi-VN","potentialAction":[{"@type":"ReadAction","target":["https:\/\/mother.watv.org\/vi\/"]}]},{"@type":"WebSite","@id":"https:\/\/mother.watv.org\/vi\/#website","url":"https:\/\/mother.watv.org\/vi\/","name":"WATV \uc5b4\uba38\ub2c8 \ud558\ub098\ub2d8\uaed8\ub85c \uc624\ub77c","description":"","potentialAction":[{"@type":"SearchAction","target":{"@type":"EntryPoint","urlTemplate":"https:\/\/mother.watv.org\/vi\/?s={search_term_string}"},"query-input":"required name=search_term_string"}],"inLanguage":"vi-VN"}]}},"_links":{"self":[{"href":"https:\/\/mother.watv.org\/vi\/wp-json\/wp\/v2\/pages\/1111"}],"collection":[{"href":"https:\/\/mother.watv.org\/vi\/wp-json\/wp\/v2\/pages"}],"about":[{"href":"https:\/\/mother.watv.org\/vi\/wp-json\/wp\/v2\/types\/page"}],"author":[{"embeddable":true,"href":"https:\/\/mother.watv.org\/vi\/wp-json\/wp\/v2\/users\/4"}],"replies":[{"embeddable":true,"href":"https:\/\/mother.watv.org\/vi\/wp-json\/wp\/v2\/comments?post=1111"}],"version-history":[{"count":1,"href":"https:\/\/mother.watv.org\/vi\/wp-json\/wp\/v2\/pages\/1111\/revisions"}],"predecessor-version":[{"id":1112,"href":"https:\/\/mother.watv.org\/vi\/wp-json\/wp\/v2\/pages\/1111\/revisions\/1112"}],"wp:featuredmedia":[{"embeddable":true,"href":"https:\/\/mother.watv.org\/vi\/wp-json\/wp\/v2\/media\/1076"}],"wp:attachment":[{"href":"https:\/\/mother.watv.org\/vi\/wp-json\/wp\/v2\/media?parent=1111"}],"curies":[{"name":"wp","href":"https:\/\/api.w.org\/{rel}","templated":true}]}}