{"id":1107,"date":"2022-01-21T17:49:27","date_gmt":"2022-01-21T08:49:27","guid":{"rendered":"https:\/\/mother.watv.org\/interview\/"},"modified":"2023-09-26T16:00:55","modified_gmt":"2023-09-26T07:00:55","slug":"interview","status":"publish","type":"page","link":"https:\/\/mother.watv.org\/vi\/interview\/","title":{"rendered":"Ph\u1ecfng v\u1ea5n"},"content":{"rendered":"","protected":false},"excerpt":{"rendered":"","protected":false},"author":4,"featured_media":1080,"parent":0,"menu_order":0,"comment_status":"closed","ping_status":"closed","template":"","meta":{"footnotes":""},"yoast_head":"<!-- This site is optimized with the Yoast SEO plugin v21.9 - https:\/\/yoast.com\/wordpress\/plugins\/seo\/ -->\n<title>Ph\u1ecfng v\u1ea5n - WATV \uc5b4\uba38\ub2c8 \ud558\ub098\ub2d8\uaed8\ub85c \uc624\ub77c<\/title>\n<meta name=\"description\" content=\"\u0110o\u00e0n th\u0103m vi\u1ebfng c\u1ee7a c\u00e1c th\u00e1nh \u0111\u1ed3 n\u01b0\u1edbc ngo\u00e0i \u0111\u1ebfn H\u00e0n Qu\u1ed1c \u0111\u1ec3 g\u1eb7p \u0110\u1ee9c Ch\u00faa Tr\u1eddi.D\u1ea7u kh\u00e1c n\u01b0\u1edbc, kh\u00e1c ng\u00f4n ng\u1eef, kh\u00e1c v\u0103n h\u00f3a nh\u01b0ng v\u00ec l\u00e0 m\u1ed9t gia \u0111\u00ecnh ph\u1ea7n linh h\u1ed3n n\u00ean c\u00e1c th\u00e1nh \u0111\u1ed3 tr\u1edf n\u00ean m\u1ed9t trong t\u00ecnh y\u00eau \u1ea5m \u00e1p c\u1ee7a M\u1eb9.\" \/>\n<meta name=\"robots\" content=\"index, follow, max-snippet:-1, max-image-preview:large, max-video-preview:-1\" \/>\n<link rel=\"canonical\" href=\"https:\/\/mother.watv.org\/vi\/interview\/\" \/>\n<meta property=\"og:locale\" content=\"vi_VN\" \/>\n<meta property=\"og:type\" content=\"article\" \/>\n<meta property=\"og:title\" content=\"Ph\u1ecfng v\u1ea5n - WATV \uc5b4\uba38\ub2c8 \ud558\ub098\ub2d8\uaed8\ub85c \uc624\ub77c\" \/>\n<meta property=\"og:description\" content=\"\u0110o\u00e0n th\u0103m vi\u1ebfng c\u1ee7a c\u00e1c th\u00e1nh \u0111\u1ed3 n\u01b0\u1edbc ngo\u00e0i \u0111\u1ebfn H\u00e0n Qu\u1ed1c \u0111\u1ec3 g\u1eb7p \u0110\u1ee9c Ch\u00faa Tr\u1eddi.D\u1ea7u kh\u00e1c n\u01b0\u1edbc, kh\u00e1c ng\u00f4n ng\u1eef, kh\u00e1c v\u0103n h\u00f3a nh\u01b0ng v\u00ec l\u00e0 m\u1ed9t gia \u0111\u00ecnh ph\u1ea7n linh h\u1ed3n n\u00ean c\u00e1c th\u00e1nh \u0111\u1ed3 tr\u1edf n\u00ean m\u1ed9t trong t\u00ecnh y\u00eau \u1ea5m \u00e1p c\u1ee7a M\u1eb9.\" \/>\n<meta property=\"og:url\" content=\"https:\/\/mother.watv.org\/vi\/interview\/\" \/>\n<meta property=\"og:site_name\" content=\"WATV \uc5b4\uba38\ub2c8 \ud558\ub098\ub2d8\uaed8\ub85c \uc624\ub77c\" \/>\n<meta property=\"article:modified_time\" content=\"2023-09-26T07:00:55+00:00\" \/>\n<meta property=\"og:image\" content=\"https:\/\/mother.watv.org\/wp-content\/uploads\/2022\/02\/open_graph_05.jpg\" \/>\n\t<meta property=\"og:image:width\" content=\"1200\" \/>\n\t<meta property=\"og:image:height\" content=\"630\" \/>\n\t<meta property=\"og:image:type\" content=\"image\/jpeg\" \/>\n<meta name=\"twitter:card\" content=\"summary_large_image\" \/>\n<script type=\"application\/ld+json\" class=\"yoast-schema-graph\">{\"@context\":\"https:\/\/schema.org\",\"@graph\":[{\"@type\":\"WebPage\",\"@id\":\"https:\/\/mother.watv.org\/vi\/interview\/\",\"url\":\"https:\/\/mother.watv.org\/vi\/interview\/\",\"name\":\"Ph\u1ecfng v\u1ea5n - WATV \uc5b4\uba38\ub2c8 \ud558\ub098\ub2d8\uaed8\ub85c \uc624\ub77c\",\"isPartOf\":{\"@id\":\"https:\/\/mother.watv.org\/vi\/#website\"},\"datePublished\":\"2022-01-21T08:49:27+00:00\",\"dateModified\":\"2023-09-26T07:00:55+00:00\",\"description\":\"\u0110o\u00e0n th\u0103m vi\u1ebfng c\u1ee7a c\u00e1c th\u00e1nh \u0111\u1ed3 n\u01b0\u1edbc ngo\u00e0i \u0111\u1ebfn H\u00e0n Qu\u1ed1c \u0111\u1ec3 g\u1eb7p \u0110\u1ee9c Ch\u00faa Tr\u1eddi.D\u1ea7u kh\u00e1c n\u01b0\u1edbc, kh\u00e1c ng\u00f4n ng\u1eef, kh\u00e1c v\u0103n h\u00f3a nh\u01b0ng v\u00ec l\u00e0 m\u1ed9t gia \u0111\u00ecnh ph\u1ea7n linh h\u1ed3n n\u00ean c\u00e1c th\u00e1nh \u0111\u1ed3 tr\u1edf n\u00ean m\u1ed9t trong t\u00ecnh y\u00eau \u1ea5m \u00e1p c\u1ee7a M\u1eb9.\",\"inLanguage\":\"vi-VN\",\"potentialAction\":[{\"@type\":\"ReadAction\",\"target\":[\"https:\/\/mother.watv.org\/vi\/interview\/\"]}]},{\"@type\":\"WebSite\",\"@id\":\"https:\/\/mother.watv.org\/vi\/#website\",\"url\":\"https:\/\/mother.watv.org\/vi\/\",\"name\":\"WATV \uc5b4\uba38\ub2c8 \ud558\ub098\ub2d8\uaed8\ub85c \uc624\ub77c\",\"description\":\"\",\"potentialAction\":[{\"@type\":\"SearchAction\",\"target\":{\"@type\":\"EntryPoint\",\"urlTemplate\":\"https:\/\/mother.watv.org\/vi\/?s={search_term_string}\"},\"query-input\":\"required name=search_term_string\"}],\"inLanguage\":\"vi-VN\"}]}<\/script>\n<!-- \/ Yoast SEO plugin. -->","yoast_head_json":{"title":"Ph\u1ecfng v\u1ea5n - WATV \uc5b4\uba38\ub2c8 \ud558\ub098\ub2d8\uaed8\ub85c \uc624\ub77c","description":"\u0110o\u00e0n th\u0103m vi\u1ebfng c\u1ee7a c\u00e1c th\u00e1nh \u0111\u1ed3 n\u01b0\u1edbc ngo\u00e0i \u0111\u1ebfn H\u00e0n Qu\u1ed1c \u0111\u1ec3 g\u1eb7p \u0110\u1ee9c Ch\u00faa Tr\u1eddi.D\u1ea7u kh\u00e1c n\u01b0\u1edbc, kh\u00e1c ng\u00f4n ng\u1eef, kh\u00e1c v\u0103n h\u00f3a nh\u01b0ng v\u00ec l\u00e0 m\u1ed9t gia \u0111\u00ecnh ph\u1ea7n linh h\u1ed3n n\u00ean c\u00e1c th\u00e1nh \u0111\u1ed3 tr\u1edf n\u00ean m\u1ed9t trong t\u00ecnh y\u00eau \u1ea5m \u00e1p c\u1ee7a M\u1eb9.","robots":{"index":"index","follow":"follow","max-snippet":"max-snippet:-1","max-image-preview":"max-image-preview:large","max-video-preview":"max-video-preview:-1"},"canonical":"https:\/\/mother.watv.org\/vi\/interview\/","og_locale":"vi_VN","og_type":"article","og_title":"Ph\u1ecfng v\u1ea5n - WATV \uc5b4\uba38\ub2c8 \ud558\ub098\ub2d8\uaed8\ub85c \uc624\ub77c","og_description":"\u0110o\u00e0n th\u0103m vi\u1ebfng c\u1ee7a c\u00e1c th\u00e1nh \u0111\u1ed3 n\u01b0\u1edbc ngo\u00e0i \u0111\u1ebfn H\u00e0n Qu\u1ed1c \u0111\u1ec3 g\u1eb7p \u0110\u1ee9c Ch\u00faa Tr\u1eddi.D\u1ea7u kh\u00e1c n\u01b0\u1edbc, kh\u00e1c ng\u00f4n ng\u1eef, kh\u00e1c v\u0103n h\u00f3a nh\u01b0ng v\u00ec l\u00e0 m\u1ed9t gia \u0111\u00ecnh ph\u1ea7n linh h\u1ed3n n\u00ean c\u00e1c th\u00e1nh \u0111\u1ed3 tr\u1edf n\u00ean m\u1ed9t trong t\u00ecnh y\u00eau \u1ea5m \u00e1p c\u1ee7a M\u1eb9.","og_url":"https:\/\/mother.watv.org\/vi\/interview\/","og_site_name":"WATV \uc5b4\uba38\ub2c8 \ud558\ub098\ub2d8\uaed8\ub85c \uc624\ub77c","article_modified_time":"2023-09-26T07:00:55+00:00","og_image":[{"width":1200,"height":630,"url":"https:\/\/mother.watv.org\/wp-content\/uploads\/2022\/02\/open_graph_05.jpg","type":"image\/jpeg"}],"twitter_card":"summary_large_image","schema":{"@context":"https:\/\/schema.org","@graph":[{"@type":"WebPage","@id":"https:\/\/mother.watv.org\/vi\/interview\/","url":"https:\/\/mother.watv.org\/vi\/interview\/","name":"Ph\u1ecfng v\u1ea5n - WATV \uc5b4\uba38\ub2c8 \ud558\ub098\ub2d8\uaed8\ub85c \uc624\ub77c","isPartOf":{"@id":"https:\/\/mother.watv.org\/vi\/#website"},"datePublished":"2022-01-21T08:49:27+00:00","dateModified":"2023-09-26T07:00:55+00:00","description":"\u0110o\u00e0n th\u0103m vi\u1ebfng c\u1ee7a c\u00e1c th\u00e1nh \u0111\u1ed3 n\u01b0\u1edbc ngo\u00e0i \u0111\u1ebfn H\u00e0n Qu\u1ed1c \u0111\u1ec3 g\u1eb7p \u0110\u1ee9c Ch\u00faa Tr\u1eddi.D\u1ea7u kh\u00e1c n\u01b0\u1edbc, kh\u00e1c ng\u00f4n ng\u1eef, kh\u00e1c v\u0103n h\u00f3a nh\u01b0ng v\u00ec l\u00e0 m\u1ed9t gia \u0111\u00ecnh ph\u1ea7n linh h\u1ed3n n\u00ean c\u00e1c th\u00e1nh \u0111\u1ed3 tr\u1edf n\u00ean m\u1ed9t trong t\u00ecnh y\u00eau \u1ea5m \u00e1p c\u1ee7a M\u1eb9.","inLanguage":"vi-VN","potentialAction":[{"@type":"ReadAction","target":["https:\/\/mother.watv.org\/vi\/interview\/"]}]},{"@type":"WebSite","@id":"https:\/\/mother.watv.org\/vi\/#website","url":"https:\/\/mother.watv.org\/vi\/","name":"WATV \uc5b4\uba38\ub2c8 \ud558\ub098\ub2d8\uaed8\ub85c \uc624\ub77c","description":"","potentialAction":[{"@type":"SearchAction","target":{"@type":"EntryPoint","urlTemplate":"https:\/\/mother.watv.org\/vi\/?s={search_term_string}"},"query-input":"required name=search_term_string"}],"inLanguage":"vi-VN"}]}},"_links":{"self":[{"href":"https:\/\/mother.watv.org\/vi\/wp-json\/wp\/v2\/pages\/1107"}],"collection":[{"href":"https:\/\/mother.watv.org\/vi\/wp-json\/wp\/v2\/pages"}],"about":[{"href":"https:\/\/mother.watv.org\/vi\/wp-json\/wp\/v2\/types\/page"}],"author":[{"embeddable":true,"href":"https:\/\/mother.watv.org\/vi\/wp-json\/wp\/v2\/users\/4"}],"replies":[{"embeddable":true,"href":"https:\/\/mother.watv.org\/vi\/wp-json\/wp\/v2\/comments?post=1107"}],"version-history":[{"count":2,"href":"https:\/\/mother.watv.org\/vi\/wp-json\/wp\/v2\/pages\/1107\/revisions"}],"predecessor-version":[{"id":1109,"href":"https:\/\/mother.watv.org\/vi\/wp-json\/wp\/v2\/pages\/1107\/revisions\/1109"}],"wp:featuredmedia":[{"embeddable":true,"href":"https:\/\/mother.watv.org\/vi\/wp-json\/wp\/v2\/media\/1080"}],"wp:attachment":[{"href":"https:\/\/mother.watv.org\/vi\/wp-json\/wp\/v2\/media?parent=1107"}],"curies":[{"name":"wp","href":"https:\/\/api.w.org\/{rel}","templated":true}]}}