{"id":851,"date":"2022-01-21T17:47:41","date_gmt":"2022-01-21T08:47:41","guid":{"rendered":"https:\/\/mother.watv.org\/home\/"},"modified":"2022-04-11T14:26:54","modified_gmt":"2022-04-11T05:26:54","slug":"home","status":"publish","type":"page","link":"https:\/\/mother.watv.org\/de\/","title":{"rendered":"WATV Komm zur Himmelsmutter"},"content":{"rendered":"","protected":false},"excerpt":{"rendered":"","protected":false},"author":4,"featured_media":852,"parent":0,"menu_order":0,"comment_status":"closed","ping_status":"closed","template":"","meta":{"footnotes":""},"yoast_head":"<!-- This site is optimized with the Yoast SEO plugin v21.9 - https:\/\/yoast.com\/wordpress\/plugins\/seo\/ -->\n<title>WATV Komm zur Himmelsmutter - GEMEINDE GOTTES DES WELTMISSIONSVEREINS<\/title>\n<meta name=\"description\" content=\"Gem\u00e4\u00df der Prophezeiung in den 66 B\u00fcchern der Bibel ist Gottmutter auf die Erde gekommen, um uns das Leben zu schenken. Ohne eine Mutter kann niemand Leben empfangen. Ebenso k\u00f6nnen wir das geistliche Leben nur durch Gottmutter erlangen.\" \/>\n<meta name=\"robots\" content=\"index, follow, max-snippet:-1, max-image-preview:large, max-video-preview:-1\" \/>\n<link rel=\"canonical\" href=\"https:\/\/mother.watv.org\/de\/\" \/>\n<meta property=\"og:locale\" content=\"de_DE\" \/>\n<meta property=\"og:type\" content=\"article\" \/>\n<meta property=\"og:title\" content=\"WATV Komm zur Himmelsmutter - GEMEINDE GOTTES DES WELTMISSIONSVEREINS\" \/>\n<meta property=\"og:description\" content=\"Gem\u00e4\u00df der Prophezeiung in den 66 B\u00fcchern der Bibel ist Gottmutter auf die Erde gekommen, um uns das Leben zu schenken. Ohne eine Mutter kann niemand Leben empfangen. Ebenso k\u00f6nnen wir das geistliche Leben nur durch Gottmutter erlangen.\" \/>\n<meta property=\"og:url\" content=\"https:\/\/mother.watv.org\/de\/\" \/>\n<meta property=\"og:site_name\" content=\"WATV \uc5b4\uba38\ub2c8 \ud558\ub098\ub2d8\uaed8\ub85c \uc624\ub77c\" \/>\n<meta property=\"article:modified_time\" content=\"2022-04-11T05:26:54+00:00\" \/>\n<meta property=\"og:image\" content=\"https:\/\/mother.watv.org\/wp-content\/uploads\/2022\/02\/open_graph_01.jpg\" \/>\n\t<meta property=\"og:image:width\" content=\"1200\" \/>\n\t<meta property=\"og:image:height\" content=\"630\" \/>\n\t<meta property=\"og:image:type\" content=\"image\/jpeg\" \/>\n<meta name=\"twitter:card\" content=\"summary_large_image\" \/>\n<script type=\"application\/ld+json\" class=\"yoast-schema-graph\">{\"@context\":\"https:\/\/schema.org\",\"@graph\":[{\"@type\":\"WebPage\",\"@id\":\"https:\/\/mother.watv.org\/de\/\",\"url\":\"https:\/\/mother.watv.org\/de\/\",\"name\":\"WATV Komm zur Himmelsmutter - GEMEINDE GOTTES DES WELTMISSIONSVEREINS\",\"isPartOf\":{\"@id\":\"https:\/\/mother.watv.org\/de\/#website\"},\"datePublished\":\"2022-01-21T08:47:41+00:00\",\"dateModified\":\"2022-04-11T05:26:54+00:00\",\"description\":\"Gem\u00e4\u00df der Prophezeiung in den 66 B\u00fcchern der Bibel ist Gottmutter auf die Erde gekommen, um uns das Leben zu schenken. Ohne eine Mutter kann niemand Leben empfangen. Ebenso k\u00f6nnen wir das geistliche Leben nur durch Gottmutter erlangen.\",\"inLanguage\":\"de-DE\",\"potentialAction\":[{\"@type\":\"ReadAction\",\"target\":[\"https:\/\/mother.watv.org\/de\/\"]}]},{\"@type\":\"WebSite\",\"@id\":\"https:\/\/mother.watv.org\/de\/#website\",\"url\":\"https:\/\/mother.watv.org\/de\/\",\"name\":\"WATV \uc5b4\uba38\ub2c8 \ud558\ub098\ub2d8\uaed8\ub85c \uc624\ub77c\",\"description\":\"\",\"potentialAction\":[{\"@type\":\"SearchAction\",\"target\":{\"@type\":\"EntryPoint\",\"urlTemplate\":\"https:\/\/mother.watv.org\/de\/?s={search_term_string}\"},\"query-input\":\"required name=search_term_string\"}],\"inLanguage\":\"de-DE\"}]}<\/script>\n<!-- \/ Yoast SEO plugin. -->","yoast_head_json":{"title":"WATV Komm zur Himmelsmutter - GEMEINDE GOTTES DES WELTMISSIONSVEREINS","description":"Gem\u00e4\u00df der Prophezeiung in den 66 B\u00fcchern der Bibel ist Gottmutter auf die Erde gekommen, um uns das Leben zu schenken. Ohne eine Mutter kann niemand Leben empfangen. Ebenso k\u00f6nnen wir das geistliche Leben nur durch Gottmutter erlangen.","robots":{"index":"index","follow":"follow","max-snippet":"max-snippet:-1","max-image-preview":"max-image-preview:large","max-video-preview":"max-video-preview:-1"},"canonical":"https:\/\/mother.watv.org\/de\/","og_locale":"de_DE","og_type":"article","og_title":"WATV Komm zur Himmelsmutter - GEMEINDE GOTTES DES WELTMISSIONSVEREINS","og_description":"Gem\u00e4\u00df der Prophezeiung in den 66 B\u00fcchern der Bibel ist Gottmutter auf die Erde gekommen, um uns das Leben zu schenken. Ohne eine Mutter kann niemand Leben empfangen. Ebenso k\u00f6nnen wir das geistliche Leben nur durch Gottmutter erlangen.","og_url":"https:\/\/mother.watv.org\/de\/","og_site_name":"WATV \uc5b4\uba38\ub2c8 \ud558\ub098\ub2d8\uaed8\ub85c \uc624\ub77c","article_modified_time":"2022-04-11T05:26:54+00:00","og_image":[{"width":1200,"height":630,"url":"https:\/\/mother.watv.org\/wp-content\/uploads\/2022\/02\/open_graph_01.jpg","type":"image\/jpeg"}],"twitter_card":"summary_large_image","schema":{"@context":"https:\/\/schema.org","@graph":[{"@type":"WebPage","@id":"https:\/\/mother.watv.org\/de\/","url":"https:\/\/mother.watv.org\/de\/","name":"WATV Komm zur Himmelsmutter - GEMEINDE GOTTES DES WELTMISSIONSVEREINS","isPartOf":{"@id":"https:\/\/mother.watv.org\/de\/#website"},"datePublished":"2022-01-21T08:47:41+00:00","dateModified":"2022-04-11T05:26:54+00:00","description":"Gem\u00e4\u00df der Prophezeiung in den 66 B\u00fcchern der Bibel ist Gottmutter auf die Erde gekommen, um uns das Leben zu schenken. Ohne eine Mutter kann niemand Leben empfangen. Ebenso k\u00f6nnen wir das geistliche Leben nur durch Gottmutter erlangen.","inLanguage":"de-DE","potentialAction":[{"@type":"ReadAction","target":["https:\/\/mother.watv.org\/de\/"]}]},{"@type":"WebSite","@id":"https:\/\/mother.watv.org\/de\/#website","url":"https:\/\/mother.watv.org\/de\/","name":"WATV \uc5b4\uba38\ub2c8 \ud558\ub098\ub2d8\uaed8\ub85c \uc624\ub77c","description":"","potentialAction":[{"@type":"SearchAction","target":{"@type":"EntryPoint","urlTemplate":"https:\/\/mother.watv.org\/de\/?s={search_term_string}"},"query-input":"required name=search_term_string"}],"inLanguage":"de-DE"}]}},"_links":{"self":[{"href":"https:\/\/mother.watv.org\/de\/wp-json\/wp\/v2\/pages\/851"}],"collection":[{"href":"https:\/\/mother.watv.org\/de\/wp-json\/wp\/v2\/pages"}],"about":[{"href":"https:\/\/mother.watv.org\/de\/wp-json\/wp\/v2\/types\/page"}],"author":[{"embeddable":true,"href":"https:\/\/mother.watv.org\/de\/wp-json\/wp\/v2\/users\/4"}],"replies":[{"embeddable":true,"href":"https:\/\/mother.watv.org\/de\/wp-json\/wp\/v2\/comments?post=851"}],"version-history":[{"count":1,"href":"https:\/\/mother.watv.org\/de\/wp-json\/wp\/v2\/pages\/851\/revisions"}],"predecessor-version":[{"id":853,"href":"https:\/\/mother.watv.org\/de\/wp-json\/wp\/v2\/pages\/851\/revisions\/853"}],"wp:featuredmedia":[{"embeddable":true,"href":"https:\/\/mother.watv.org\/de\/wp-json\/wp\/v2\/media\/852"}],"wp:attachment":[{"href":"https:\/\/mother.watv.org\/de\/wp-json\/wp\/v2\/media?parent=851"}],"curies":[{"name":"wp","href":"https:\/\/api.w.org\/{rel}","templated":true}]}}